{"id":3,"date":"2023-11-10T19:03:09","date_gmt":"2023-11-10T18:03:09","guid":{"rendered":"http:\/\/localhost\/wordpress\/?page_id=3"},"modified":"2026-01-10T16:34:32","modified_gmt":"2026-01-10T15:34:32","slug":"datenschutzerklaerung","status":"publish","type":"page","link":"https:\/\/realschule-gruenstrasse.de\/?page_id=3","title":{"rendered":"Datenschutzerkl\u00e4rung"},"content":{"rendered":"\n<h4 class=\"wp-block-heading\">Verantwortliche&nbsp; und Datenschutzbeauftragte<\/h4>\n\n\n\n<p>gem. Art. 4 Nr. 7 EU-Datenschutz-Grundverordnung (EU-DSGVO)<\/p>\n\n\n\n<p>Realschule Gr\u00fcnstra\u00dfe<br>Gr\u00fcnstr. 27-29<br>45525 Hattingen<\/p>\n\n\n\n<p><strong>Datenschutzbeauftragter f\u00fcr Schulen im EN-Kreis:<br><\/strong>Micha Marrek<br>Hauptstr. 92<br>58332 Schwelm<br>Telefon: 015257350354<br>Mail: <a href=\"mailto:m.marrek@en-kreis.de\">m.marrek@en-kreis.de<\/a><\/p>\n\n\n\n<h4 class=\"wp-block-heading\">Information \u00fcber die Erhebung personenbezogener Daten<\/h4>\n\n\n\n<p>Als personenbezogene Daten gelten s\u00e4mtliche Informationen, welche dazu dienen, Ihre Person zu bestimmen und welche zu Ihnen zur\u00fcckverfolgt werden k\u00f6nnen.<\/p>\n\n\n\n<h4 class=\"wp-block-heading\">Ihre Rechte als Nutzer<\/h4>\n\n\n\n<p>Sie haben nach Ma\u00dfgabe der Artikel 15, 16, 17, 18 und 21 EU-DSGVO uns gegen\u00fcber folgende Rechte hinsichtlich der Sie betreffenden personenbezogenen Daten:<\/p>\n\n\n\n<ul class=\"wp-block-list\">\n<li>Recht auf Auskunft,<\/li>\n\n\n\n<li>Recht auf Berichtigung oder L\u00f6schung,<\/li>\n\n\n\n<li>Recht auf Einschr\u00e4nkung der Verarbeitung,<\/li>\n\n\n\n<li>Recht auf Widerspruch gegen die Verarbeitung,<\/li>\n\n\n\n<li>Recht auf Daten\u00fcbertragbarkeit.<\/li>\n<\/ul>\n\n\n\n<p>Wenn Sie der Auffassung sind, dass eine Verarbeitung Ihrer personenbezogenen Daten gegen Datenschutzrecht verst\u00f6\u00dft, haben Sie das Recht, sich bei der zust\u00e4ndigen Aufsichtsbeh\u00f6rde zu beschweren, die Sie unter folgenden Kontaktdaten erreichen k\u00f6nnen:<br><br>Landesbeauftragte f\u00fcr Datenschutz und Informationsfreiheit<br>Nordrhein-Westfalen<br>Postfach 200444<br>40102 D\u00fcsseldorf<br>Tel.: 0211\/38424-0<br>Fax: 0211\/38424-10<br>E-Mail: <a href=\"mailto:poststelle@ldi.nrw.de\">poststelle@ldi.nrw.de<\/a><\/p>\n\n\n\n<h4 class=\"wp-block-heading\">Hinweise zur Datenverarbeitung<\/h4>\n\n\n\n<p>(1) Bei dem Aufrufen unserer Website werden personenbezogene Daten erhoben. Dies ist aus technischen Gr\u00fcnden erforderlich, um Ihnen unsere Website anzuzeigen und die Stabilit\u00e4t und Sicherheit zu gew\u00e4hrleisten. Rechtsgrundlage ist Art. 6 Abs. 1 S. 1 lit. e, Abs. 3 EU-DSGVO in Verbindung mit \u00a7 3 Abs. 1 Datenschutzgesetz Nordrhein-Westfalen (DSG NRW).<br>Das Internetangebot der Schule wird beim Unternehmen 1&amp;1 gehostet. Bei jedem Zugriff auf Inhalte des Internetangebotes werden dort personenbezogene Daten empfangen und 8 Wochen gespeichert. Die folgenden Daten werden bei jedem Aufruf der Internetseite erhoben:<\/p>\n\n\n\n<ul class=\"wp-block-list\">\n<li>IP-Adresse<\/li>\n\n\n\n<li>Datum und Uhrzeit des Abrufs<\/li>\n\n\n\n<li>Inhalt der Anforderung (konkrete Seite)<\/li>\n\n\n\n<li>Zugriffsstatus\/HTTP-Statuscode<\/li>\n\n\n\n<li>jeweils \u00fcbertragene Datenmenge<\/li>\n\n\n\n<li>Website, von der die Anforderung kommt<\/li>\n\n\n\n<li>Browser<\/li>\n\n\n\n<li>Betriebssystem und dessen Oberfl\u00e4che<\/li>\n\n\n\n<li>Sprache und Version der Browsersoftware<\/li>\n<\/ul>\n\n\n\n<p>Wir weisen darauf hin, dass Betreiber von fremden Internetseiten, die vom Portal aus verlinkt werden, die Daten von Besucherinnen bzw. Besuchern dieser Internetseiten erheben und auswerten k\u00f6nnen.<\/p>\n\n\n\n<p>(2) Bei Ihrer Kontaktaufnahme mit uns per E-Mail m\u00fcssen die von Ihnen freiwillig mitgeteilten Daten (Ihre E-Mailadresse, ggf. Ihr Name und Ihre Telefonnummer) gespeichert werden, um Ihrem Anliegen entgegen kommen zu k\u00f6nnen. Rechtsgrundlage ist Art. 6 Abs. 1 S. 1 lit. e, Abs. 3 EU-DSGVO in Verbindung mit \u00a7 3 Abs. 1 Datenschutzgesetz Nordrhein-Westfalen (DSG NRW).<br>Die von Ihnen angegebenen pers\u00f6nlichen Daten verwenden wir nur zu dem von Ihnen gew\u00fcnschten Zweck. Die in diesem Zusammenhang anfallenden Daten l\u00f6schen wir, nachdem die Speicherung nicht mehr erforderlich ist.<\/p>\n\n\n\n<h4 class=\"wp-block-heading\">Verwendung von Cookies<\/h4>\n\n\n\n<p>Das Internetangebot verwendet Cookies. Bei Cookies handelt es sich um kleine Textdateien, die auf Ihrem Rechner abgelegt werden und die Ihr Browser speichert. Diese dienen dazu, unser Angebot f\u00fcr Sie nutzerfreundlicher und effektiver zu machen. Rechtsgrundlage ist Art. 6 Abs. 1 S. 1 lit. e, Abs. 3 EU-DSGVO in Verbindung mit \u00a7 3 Abs. 1 Datenschutzgesetz Nordrhein-Westfalen (DSG NRW).<\/p>\n\n\n\n<p>Bei dem Aufrufen unserer Website wird ein Sitzungs-Cookie gesetzt. Unser System erfasst automatisch den Zugriff und die vom Nutzer aufgerufene Seite. Dadurch k\u00f6nnen wir in einer Statistik erkennen, welche Inhalte unserer Website wie h\u00e4ufig aufgerufen wurden.<br>Die Verwendung des Sitzungs-Cookies erfolgt aus technischen Gr\u00fcnden und dient der Optimierung der Darstellung unserer Seiten in Ihrem Browser. Die durch die Cookies verarbeiteten Daten sind f\u00fcr die genannten Zwecke zur Wahrung unserer berechtigten Interessen nach Art. 6 Abs. 1 lit. f EU-DSGVO erforderlich. Diese bestehen in einer technischen Optimierung der Bereitstellung unserer Internetseite. Nach Ende der Browser-Sitzung wird der Sitzungs-Cookie wieder gel\u00f6scht.<\/p>\n\n\n\n<p>Sie k\u00f6nnen die Verwendung von Cookies unterbinden, indem Sie Ihren Internetbrowser so einstellen, dass dieser keine Cookies akzeptiert. In diesem Fall besteht allerdings die M\u00f6glichkeit, dass Sie nicht den vollen Funktionsumfang unserer Internetseiten nutzen k\u00f6nnen.<\/p>\n","protected":false},"excerpt":{"rendered":"<p>Verantwortliche&nbsp; und Datenschutzbeauftragte gem. Art. 4 Nr. 7 EU-Datenschutz-Grundverordnung (EU-DSGVO) Realschule Gr\u00fcnstra\u00dfeGr\u00fcnstr. 27-2945525 Hattingen Datenschutzbeauftragter f\u00fcr Schulen im EN-Kreis:Micha MarrekHauptstr. 9258332 SchwelmTelefon: 015257350354Mail: m.marrek@en-kreis.de Information \u00fcber die Erhebung personenbezogener Daten Als personenbezogene Daten gelten s\u00e4mtliche Informationen, welche dazu dienen, Ihre Person zu bestimmen und welche zu Ihnen zur\u00fcckverfolgt werden k\u00f6nnen. Ihre Rechte als Nutzer Sie&hellip;&nbsp;<a href=\"https:\/\/realschule-gruenstrasse.de\/?page_id=3\" rel=\"bookmark\">Weiterlesen &raquo;<span class=\"screen-reader-text\">Datenschutzerkl\u00e4rung<\/span><\/a><\/p>\n","protected":false},"author":1,"featured_media":0,"parent":0,"menu_order":0,"comment_status":"closed","ping_status":"closed","template":"","meta":{"neve_meta_sidebar":"","neve_meta_container":"","neve_meta_enable_content_width":"","neve_meta_content_width":0,"neve_meta_title_alignment":"","neve_meta_author_avatar":"","neve_post_elements_order":"","neve_meta_disable_header":"","neve_meta_disable_footer":"","neve_meta_disable_title":"","footnotes":""},"class_list":["post-3","page","type-page","status-publish","hentry"],"_links":{"self":[{"href":"https:\/\/realschule-gruenstrasse.de\/index.php?rest_route=\/wp\/v2\/pages\/3","targetHints":{"allow":["GET"]}}],"collection":[{"href":"https:\/\/realschule-gruenstrasse.de\/index.php?rest_route=\/wp\/v2\/pages"}],"about":[{"href":"https:\/\/realschule-gruenstrasse.de\/index.php?rest_route=\/wp\/v2\/types\/page"}],"author":[{"embeddable":true,"href":"https:\/\/realschule-gruenstrasse.de\/index.php?rest_route=\/wp\/v2\/users\/1"}],"replies":[{"embeddable":true,"href":"https:\/\/realschule-gruenstrasse.de\/index.php?rest_route=%2Fwp%2Fv2%2Fcomments&post=3"}],"version-history":[{"count":10,"href":"https:\/\/realschule-gruenstrasse.de\/index.php?rest_route=\/wp\/v2\/pages\/3\/revisions"}],"predecessor-version":[{"id":1381,"href":"https:\/\/realschule-gruenstrasse.de\/index.php?rest_route=\/wp\/v2\/pages\/3\/revisions\/1381"}],"wp:attachment":[{"href":"https:\/\/realschule-gruenstrasse.de\/index.php?rest_route=%2Fwp%2Fv2%2Fmedia&parent=3"}],"curies":[{"name":"wp","href":"https:\/\/api.w.org\/{rel}","templated":true}]}}