{"id":18,"date":"2023-11-10T19:20:05","date_gmt":"2023-11-10T18:20:05","guid":{"rendered":"http:\/\/localhost\/wordpress\/?page_id=18"},"modified":"2026-01-10T15:55:26","modified_gmt":"2026-01-10T14:55:26","slug":"impressum","status":"publish","type":"page","link":"https:\/\/realschule-gruenstrasse.de\/?page_id=18","title":{"rendered":"Impressum"},"content":{"rendered":"\n<p>Dienstanbieter im Sinne des<br>\u00a7 55 Abs. 1 Rundfunkstaatsvertrag (RStV) und<br>\u00a7\u00a7 5, 6 Teledienstegesetz (TDG) ist der Schultr\u00e4ger<\/p>\n\n\n\n<div class=\"wp-block-columns is-layout-flex wp-container-core-columns-is-layout-9d6595d7 wp-block-columns-is-layout-flex\">\n<div class=\"wp-block-column is-layout-flow wp-block-column-is-layout-flow\">\n<p><strong>Realschule Gr\u00fcnstra\u00dfe<\/strong><br>Gr\u00fcnstra\u00dfe 27 &#8211; 29<br>45525 Hattingen<br><br>Vertreten durch:<br><strong>Corinna Osman (Schulleiterin)<\/strong><\/p>\n<\/div>\n\n\n\n<div class=\"wp-block-column is-layout-flow wp-block-column-is-layout-flow\">\n<p><strong>Kontakt<\/strong>:<br>Telefon: 02324\/683190 (Sekretariat)<br>Fax: 02324\/6831950<br>Mail: sek@rsghat.de<\/p>\n<\/div>\n<\/div>\n\n\n\n<hr class=\"wp-block-separator has-alpha-channel-opacity\"\/>\n\n\n\n<h2 class=\"wp-block-heading\"><strong>Schulaufsicht<\/strong><\/h2>\n\n\n\n<p>Bezirksregierung Arnsberg<br>Dezernat 42<br>Herr RSD M. Krause<br>Postfach, 59817 Arnsberg<br>Mail: <a href=\"https:\/\/www.realschule-gruenstrasse.de\/poststelle@bezreg-arnsberg.nrw.de\"><\/a><a href=\"mailto:poststelle@bezreg-arnsberg.nrw.de\">poststelle@bezreg-arnsberg.nrw.de<\/a><br><\/p>\n\n\n\n<hr class=\"wp-block-separator has-alpha-channel-opacity\"\/>\n\n\n\n<div class=\"wp-block-columns is-layout-flex wp-container-core-columns-is-layout-9d6595d7 wp-block-columns-is-layout-flex\">\n<div class=\"wp-block-column is-layout-flow wp-block-column-is-layout-flow\">\n<h2 class=\"wp-block-heading\"><strong>Website und Redaktion<\/strong><\/h2>\n\n\n\n<p>Verantwortlich f\u00fcr Pflege &amp; Inhalt:<\/p>\n\n\n\n<div class=\"wp-block-columns is-layout-flex wp-container-core-columns-is-layout-9d6595d7 wp-block-columns-is-layout-flex\">\n<div class=\"wp-block-column is-layout-flow wp-block-column-is-layout-flow\">\n<p><strong>J\u00f6rg Maack<br><\/strong><a href=\"mailto:joerg.maack@rsghat.de\">joerg.maack@rsghat.de<\/a><\/p>\n<\/div>\n\n\n\n<div class=\"wp-block-column is-layout-flow wp-block-column-is-layout-flow\">\n<p><strong>Olha Kravchuk<br><\/strong><a href=\"mailto:olha.kravchuk@rsghat.de\">olha.kravchuk@rsghat.de<\/a><\/p>\n<\/div>\n\n\n\n<div class=\"wp-block-column is-layout-flow wp-block-column-is-layout-flow\"><\/div>\n<\/div>\n<\/div>\n<\/div>\n\n\n\n<hr class=\"wp-block-separator has-alpha-channel-opacity\"\/>\n\n\n\n<h2 class=\"wp-block-heading\"><strong>Rechtlicher Hinweis<\/strong><\/h2>\n\n\n\n<p>Wir haben auf verschiedenen Seiten dieser Homepage Links zu anderen Seiten gelegt. F\u00fcr alle diese Links gilt: Wir m\u00f6chten ausdr\u00fccklich darauf hinweisen, dass wir keinerlei Einfluss auf die Gestaltung und die Inhalte der gelinkten Seiten haben. Deshalb distanzieren wir uns hiermit von allen Inhalten aller gelinkten Seiten auf unserer Homepage und machen uns ihre Inhalte nicht zu eigen. Diese Feststellung gilt f\u00fcr alle innerhalb des eigenen Internetangebotes gesetzten Links und Verweise sowie f\u00fcr Fremdeintr\u00e4ge in von den Autoren eingerichteten G\u00e4steb\u00fcchern, Diskussionsforen und Mailinglisten.<\/p>\n\n\n\n<p>Nach neuester Rechtsprechung gem\u00e4\u00df \u00a7 5 Abs.1 TDG ist die RSG jedoch ausschlie\u00dflich nur f\u00fcr die eigenen Inhalte verantwortlich. F\u00fcr Links auf fremde Inhalte dritter Anbieter ist die RSG gem\u00e4\u00df \u00a7 5 Abs.2 TDG nur dann verantwortlich, wenn sie von einem rechtswidrigen oder strafbaren Gehalt positive Kenntnis hat und es technisch m\u00f6glich und zumutbar ist, deren Nutzung zu verhindern. Auch ist die RSG nicht verpflichtet, in periodischen Abst\u00e4nden den Inhalt von Angeboten Dritter auf deren Rechtswidrigkeit oder Strafbarkeit zu \u00fcberpr\u00fcfen. Sobald die RSG von dem rechtswidrigen Inhalt der Web-Seiten Dritter erf\u00e4hrt, wird der entsprechende Link von den Seiten entfernt. Weiterhin betont die RSG ausdr\u00fccklich, dass sie keinerlei Einfluss auf die Gestaltung und die Inhalte der gelinkten Seiten hat. F\u00fcr illegale, fehlerhafte oder unvollst\u00e4ndige Inhalte sowie f\u00fcr Sch\u00e4den, die durch Nutzung oder Nichtnutzung der Informationen entstehen, haften allein die Anbieter der Website, auf die verwiesen wurde.<\/p>\n\n\n\n<p>Die Nutzung der im Rahmen des Impressums oder vergleichbarer Angaben ver\u00f6ffentlichten Kontaktdaten wie Postanschriften, Telefon- und Faxnummern sowie Emailadressen durch Dritte zur \u00dcbersendung von nicht ausdr\u00fccklich angeforderten Informationen ist nicht gestattet. Rechtliche Schritte gegen die Versender von sogenannten Spam-Mails bei Verst\u00f6ssen gegen dieses Verbot sind ausdr\u00fccklich vorbehalten.<\/p>\n\n\n\n<p>Die Autoren \u00fcbernehmen keinerlei Gew\u00e4hr f\u00fcr die Aktualit\u00e4t, Korrektheit, Vollst\u00e4ndigkeit oder Qualit\u00e4t der bereitgestellten Informationen. Haftungsanspr\u00fcche gegen die Autoren, welche sich auf Sch\u00e4den materieller oder ideeller Art beziehen, die durch die Nutzung oder Nichtnutzung der dargebotenen Informationen bzw. durch die Nutzung fehlerhafter und unvollst\u00e4ndiger Informationen verursacht wurden, sind grunds\u00e4tzlich ausgeschlossen. Alle Angebote sind freibleibend und unverbindlich. Die Autoren behalten es sich ausdr\u00fccklich vor, Teile der Seiten oder das gesamte Angebot ohne gesonderte Ank\u00fcndigung zu ver\u00e4ndern, zu erg\u00e4nzen, zu l\u00f6schen oder die Ver\u00f6ffentlichung zeitweise oder endg\u00fcltig einzustellen.<\/p>\n\n\n\n<p>Die Nennung von Produkten und Marken anderer Hersteller oder Anbieter dienen ausschlie\u00dflich der Information und stellen niemals eine Empfehlung und auch keinen Warenzeichenmissbrauch seitens der RSG dar. Die Wiedergabe von Gebrauchsnamen, Handelsnamen, Warenbezeichnungen usw. berechtigt auch ohne besondere Kennzeichnung nicht zu der Annahme, dass solche Namen im Sinne der Warenzeichen- und Markenschutz-Gesetzgebung als frei zu betrachten w\u00e4ren und daher von jedermann benutzt werden d\u00fcrften. Alle Rechte an den erw\u00e4hnten Anbieter- und Firmenlogos, Markennamen und Markenbegriffen, liegen bei den jeweiligen Markeninhabern. Sollte die RSG vergessen haben, Text- oder andere Stellen entsprechend zu markieren, so bittet sie um Entschuldigung. Bitte weisen Sie in einer E-Mail darauf hin, damit die RSG das korrigieren kann! Der Webauftritt der RSG verfolgt in keinem Fall einen Gesch\u00e4ftszweck, sondern dient lediglich als Informationsangebot f\u00fcr Sch\u00fclerInnen, Eltern, LehrerInnen und andere an Schularbeit Interessierte.<\/p>\n\n\n\n<p>Rechtswirksamkeit dieses Haftungsausschlusses. Dieser Haftungsausschluss ist als Teil des Internetangebotes zu betrachten, von dem aus auf diese Seite verwiesen wurde. Sofern Teile oder einzelne Formulierungen dieses Textes der geltenden Rechtslage nicht, nicht mehr oder nicht vollst\u00e4ndig entsprechen sollten, bleiben die \u00fcbrigen Teile des Dokumentes in ihrem Inhalt und ihrer G\u00fcltigkeit davon unber\u00fchrt.<\/p>\n","protected":false},"excerpt":{"rendered":"<p>Dienstanbieter im Sinne des\u00a7 55 Abs. 1 Rundfunkstaatsvertrag (RStV) und\u00a7\u00a7 5, 6 Teledienstegesetz (TDG) ist der Schultr\u00e4ger Realschule Gr\u00fcnstra\u00dfeGr\u00fcnstra\u00dfe 27 &#8211; 2945525 Hattingen Vertreten durch:Corinna Osman (Schulleiterin) Kontakt:Telefon: 02324\/683190 (Sekretariat)Fax: 02324\/6831950Mail: sek@rsghat.de Schulaufsicht Bezirksregierung ArnsbergDezernat 42Herr RSD M. KrausePostfach, 59817 ArnsbergMail: poststelle@bezreg-arnsberg.nrw.de Website und Redaktion Verantwortlich f\u00fcr Pflege &amp; Inhalt: J\u00f6rg Maackjoerg.maack@rsghat.de Olha Kravchukolha.kravchuk@rsghat.de Rechtlicher&hellip;&nbsp;<a href=\"https:\/\/realschule-gruenstrasse.de\/?page_id=18\" rel=\"bookmark\">Weiterlesen &raquo;<span class=\"screen-reader-text\">Impressum<\/span><\/a><\/p>\n","protected":false},"author":1,"featured_media":0,"parent":0,"menu_order":0,"comment_status":"closed","ping_status":"closed","template":"","meta":{"neve_meta_sidebar":"","neve_meta_container":"","neve_meta_enable_content_width":"","neve_meta_content_width":0,"neve_meta_title_alignment":"","neve_meta_author_avatar":"","neve_post_elements_order":"","neve_meta_disable_header":"","neve_meta_disable_footer":"","neve_meta_disable_title":"","footnotes":""},"class_list":["post-18","page","type-page","status-publish","hentry"],"_links":{"self":[{"href":"https:\/\/realschule-gruenstrasse.de\/index.php?rest_route=\/wp\/v2\/pages\/18","targetHints":{"allow":["GET"]}}],"collection":[{"href":"https:\/\/realschule-gruenstrasse.de\/index.php?rest_route=\/wp\/v2\/pages"}],"about":[{"href":"https:\/\/realschule-gruenstrasse.de\/index.php?rest_route=\/wp\/v2\/types\/page"}],"author":[{"embeddable":true,"href":"https:\/\/realschule-gruenstrasse.de\/index.php?rest_route=\/wp\/v2\/users\/1"}],"replies":[{"embeddable":true,"href":"https:\/\/realschule-gruenstrasse.de\/index.php?rest_route=%2Fwp%2Fv2%2Fcomments&post=18"}],"version-history":[{"count":12,"href":"https:\/\/realschule-gruenstrasse.de\/index.php?rest_route=\/wp\/v2\/pages\/18\/revisions"}],"predecessor-version":[{"id":1345,"href":"https:\/\/realschule-gruenstrasse.de\/index.php?rest_route=\/wp\/v2\/pages\/18\/revisions\/1345"}],"wp:attachment":[{"href":"https:\/\/realschule-gruenstrasse.de\/index.php?rest_route=%2Fwp%2Fv2%2Fmedia&parent=18"}],"curies":[{"name":"wp","href":"https:\/\/api.w.org\/{rel}","templated":true}]}}