{"id":1330,"date":"2026-01-10T15:37:16","date_gmt":"2026-01-10T14:37:16","guid":{"rendered":"https:\/\/realschule-gruenstrasse.de\/?page_id=1330"},"modified":"2026-01-10T17:23:10","modified_gmt":"2026-01-10T16:23:10","slug":"kontakt","status":"publish","type":"page","link":"https:\/\/realschule-gruenstrasse.de\/?page_id=1330","title":{"rendered":"Kontakt"},"content":{"rendered":"\n<div class=\"wp-block-columns is-layout-flex wp-container-core-columns-is-layout-9d6595d7 wp-block-columns-is-layout-flex\">\n<div class=\"wp-block-column is-vertically-aligned-top is-layout-flow wp-block-column-is-layout-flow\">\n<h2 class=\"wp-block-heading\">Anschrift<\/h2>\n\n\n\n<p><strong>Realschule Gr\u00fcnstra\u00dfe <\/strong><br>Gr\u00fcnstra\u00dfe 27 \u2013 29<br>45525 Hattingen<\/p>\n<\/div>\n\n\n\n<div class=\"wp-block-column is-vertically-aligned-top is-layout-flow wp-block-column-is-layout-flow\">\n<h2 class=\"wp-block-heading\">Kontaktm\u00f6glichkeiten (Sekretariat)<\/h2>\n\n\n\n<div class=\"wp-block-columns is-layout-flex wp-container-core-columns-is-layout-9d6595d7 wp-block-columns-is-layout-flex\">\n<div class=\"wp-block-column is-layout-flow wp-block-column-is-layout-flow\">\n<p>Per <strong>E-Mail<\/strong><br>(Fr. Neumann &amp; Frau Suckrau)<br>Per <strong>Telefon<\/strong><br>Per <strong>Fax<\/strong><\/p>\n<\/div>\n\n\n\n<div class=\"wp-block-column is-layout-flow wp-block-column-is-layout-flow\">\n<p><a href=\"mailto:sek@rsghat.de\">sek@rsghat.de<\/a><br><br>02324 \/68 31 90<br>02324 \/ 6831950<\/p>\n<\/div>\n<\/div>\n<\/div>\n<\/div>\n\n\n\n<hr class=\"wp-block-separator has-alpha-channel-opacity\"\/>\n\n\n\n<div class=\"wp-block-columns is-layout-flex wp-container-core-columns-is-layout-9d6595d7 wp-block-columns-is-layout-flex\">\n<div class=\"wp-block-column is-vertically-aligned-top is-layout-flow wp-block-column-is-layout-flow\">\n<h2 class=\"wp-block-heading\">Hausmeister\/Hauswart<\/h2>\n\n\n\n<div class=\"wp-block-columns is-layout-flex wp-container-core-columns-is-layout-9d6595d7 wp-block-columns-is-layout-flex\">\n<div class=\"wp-block-column is-layout-flow wp-block-column-is-layout-flow\">\n<p>Herr Crell <a href=\"mailto:hausmeister.rsg@schulen-hattingen.de\">hausmeister.rsg@schulen-hattingen.de<\/a> <br><br>Herr Folz <a href=\"mailto:hausmeister.rsg@schulen-hattingen.de\">hausmeister.rsg@schulen-hattingen.de<\/a><\/p>\n<\/div>\n<\/div>\n<\/div>\n\n\n\n<div class=\"wp-block-column is-vertically-aligned-top is-layout-flow wp-block-column-is-layout-flow\">\n<h2 class=\"wp-block-heading\">Schulverwaltungsassistentin<\/h2>\n\n\n\n<div class=\"wp-block-columns is-layout-flex wp-container-core-columns-is-layout-9d6595d7 wp-block-columns-is-layout-flex\">\n<div class=\"wp-block-column is-layout-flow wp-block-column-is-layout-flow\">\n<p>Frau Kravchuk <a href=\"mailto:olha.kravchuk@rsghat.de\" data-type=\"mailto\" data-id=\"mailto:olha.kravchuk@rsghat.de\">olha.kravchuk@rsghat.de<\/a><\/p>\n<\/div>\n<\/div>\n<\/div>\n<\/div>\n\n\n\n<hr class=\"wp-block-separator has-alpha-channel-opacity\"\/>\n\n\n\n<div class=\"wp-block-columns is-layout-flex wp-container-core-columns-is-layout-9d6595d7 wp-block-columns-is-layout-flex\">\n<div class=\"wp-block-column is-layout-flow wp-block-column-is-layout-flow\">\n<h2 class=\"wp-block-heading\">Schulpflegschaft<\/h2>\n\n\n\n<p>Schulpflegschaft <a href=\"mailto:schulpflegschaft@rsghat.de\">schulpflegschaft@rsghat.de<\/a><\/p>\n<\/div>\n\n\n\n<div class=\"wp-block-column is-layout-flow wp-block-column-is-layout-flow\">\n<h2 class=\"wp-block-heading\">F\u00f6rderverein<\/h2>\n\n\n\n<p>F\u00f6rderverein <a href=\"mailto:foerderverein@rsghat.de\">foerderverein@rsghat.de<\/a><\/p>\n<\/div>\n<\/div>\n\n\n\n<hr class=\"wp-block-separator has-alpha-channel-opacity\"\/>\n\n\n\n<h1>Anfahrt<\/h1>\n\n<h2>Mit \u00f6ffentlichen Verkehrsmitteln<\/h2>\n<p>Der zentrale Knotenpunkt f\u00fcr die Anreise ist meist der ZOB am S-Bahnhof <strong>Hattingen Mitte<\/strong>. Von dort aus fahren diverse Buslinien in wenigen Minuten in Richtung S\u00fcdstadt zum Schulzentrum.<\/p>\n\n<p><strong>Ziel-Haltestelle:<\/strong> Die wichtigste Haltestelle direkt an der Schule hei\u00dft meist \u201eGymnasium Waldstra\u00dfe \/ Realschule Gr\u00fcnstra\u00dfe\u201c oder einfach \u201eSchulzentrum\u201c.<\/p>\n\n<h4>Wichtige Buslinien:<\/h4>\n<ul>\n    <li><strong>Linie 331:<\/strong> Verbindet Hattingen Mitte mit Velbert-Nierenhof. Diese Linie h\u00e4lt oft direkt an der \u201eRealschule Gr\u00fcnstra\u00dfe\u201c.<\/li>\n    <li><strong>Linien 350 \/ 359:<\/strong> Diese Linien (Richtung Bochum\/Welper bzw. Klinik) bedienen ebenfalls die Haltestelle am Schulzentrum.<\/li>\n    <li><strong>Linie 141:<\/strong> F\u00e4hrt von Hattingen Mitte Richtung Essen-Kupferdreh und bedient Haltestellen im direkten Umfeld (z.B. Pestalozzistra\u00dfe \/ Schulzentrum).<\/li>\n    <li><strong>Schulbusse (E-Wagen):<\/strong> Zu den Sto\u00dfzeiten morgens und mittags verkehren diverse Einsatzwagen (E-Wagen wie E331, E141, E32), die speziell auf die Schulzeiten abgestimmt sind und Sch\u00fcler aus verschiedenen Stadtteilen (z.B. Niederwenigern, Winzermark, Sprockh\u00f6vel) einsammeln.<\/li>\n<\/ul>\n\n<p><em><strong>Tipp:<\/strong> Pr\u00fcfen Sie in der VRR-App oder auf dem Fahrplan, ob der gew\u00e4hlte Bus direkt am \u201eSchulzentrum\u201c h\u00e4lt oder ob ein kurzer Fu\u00dfweg von der \u201eNierenhofer Stra\u00dfe\u201c oder \u201eMartin-Luther-Stra\u00dfe\u201c n\u00f6tig ist.<\/em><\/p>\n<hr>\n<h2>Mit dem Auto<\/h2>\n<p>Die Realschule Gr\u00fcnstra\u00dfe befindet sich in der Hattinger S\u00fcdstadt in einem verkehrsberuhigten Wohngebiet. Hier sind die allgemeinen Hinweise f\u00fcr die Anfahrt:<\/p>\n\n<h4>Anfahrt aus verschiedenen Richtungen<\/h4>\n<ul>\n    <li><strong>Aus Richtung Norden \/ Innenstadt:<\/strong> Folgen Sie der Beschilderung Richtung S\u00fcdstadt\/Schulzentrum. Die Anfahrt erfolgt meist \u00fcber die Martin-Luther-Stra\u00dfe oder die Nierenhofer Stra\u00dfe.<\/li>\n    <li><strong>Aus Richtung S\u00fcden (Nierenhof \/ Velbert):<\/strong> Nutzen Sie die Nierenhofer Stra\u00dfe stadteinw\u00e4rts und biegen Sie nach den Bahngleisen rechts in das Wohngebiet Richtung Schulzentrum ab.<\/li>\n<\/ul>\n\n<h4>Parken und Erreichbarkeit<\/h4>\n<ul>\n    <li><strong>Adresse f\u00fcr das Navigationsger\u00e4t:<\/strong> Gr\u00fcnstra\u00dfe 27, 45525 Hattingen.<\/li>\n    <li><strong>Parksituation:<\/strong> Da die Schule in einem dichten Wohngebiet liegt, sind Parkpl\u00e4tze direkt vor dem Geb\u00e4ude (Gr\u00fcnstra\u00dfe\/Waldstra\u00dfe) begrenzt. Bitte nutzen Sie die markierten Parkfl\u00e4chen in den umliegenden Stra\u00dfen.<\/li>\n    <li><strong>Hinweis f\u00fcr Eltern (&#8222;Elterntaxi&#8220;):<\/strong> Um das Verkehrsaufkommen und die Gef\u00e4hrdung von Sch\u00fclern zu minimieren, bitten wir darum, Kinder nach M\u00f6glichkeit in den angrenzenden Stra\u00dfen (z. B. an der Nierenhofer Stra\u00dfe oder Schulstra\u00dfe) aussteigen zu lassen und den direkten Bereich vor dem Schultor zu entlasten.<\/li>\n<\/ul>\n\n<p><strong>Wichtig:<\/strong> Achten Sie im gesamten Bereich des Schulzentrums auf die geltenden Geschwindigkeitsbegrenzungen und blockieren Sie keine Feuerwehrzufahrten oder privaten Einfahrten.<\/p>\n\n\n\n<div class=\"wp-block-columns is-layout-flex wp-container-core-columns-is-layout-9d6595d7 wp-block-columns-is-layout-flex\">\n<div class=\"wp-block-column is-layout-flow wp-block-column-is-layout-flow\"><\/div>\n<\/div>\n\n\n\n<p><\/p>\n","protected":false},"excerpt":{"rendered":"<p>Anschrift Realschule Gr\u00fcnstra\u00dfe Gr\u00fcnstra\u00dfe 27 \u2013 2945525 Hattingen Kontaktm\u00f6glichkeiten (Sekretariat) Per E-Mail(Fr. Neumann &amp; Frau Suckrau)Per TelefonPer Fax sek@rsghat.de 02324 \/68 31 9002324 \/ 6831950 Hausmeister\/Hauswart Herr Crell hausmeister.rsg@schulen-hattingen.de Herr Folz hausmeister.rsg@schulen-hattingen.de Schulverwaltungsassistentin Frau Kravchuk olha.kravchuk@rsghat.de Schulpflegschaft Schulpflegschaft schulpflegschaft@rsghat.de F\u00f6rderverein F\u00f6rderverein foerderverein@rsghat.de Anfahrt Mit \u00f6ffentlichen Verkehrsmitteln Der zentrale Knotenpunkt f\u00fcr die Anreise ist meist der&hellip;&nbsp;<a href=\"https:\/\/realschule-gruenstrasse.de\/?page_id=1330\" rel=\"bookmark\">Weiterlesen &raquo;<span class=\"screen-reader-text\">Kontakt<\/span><\/a><\/p>\n","protected":false},"author":1,"featured_media":0,"parent":0,"menu_order":0,"comment_status":"closed","ping_status":"closed","template":"","meta":{"neve_meta_sidebar":"","neve_meta_container":"","neve_meta_enable_content_width":"","neve_meta_content_width":0,"neve_meta_title_alignment":"","neve_meta_author_avatar":"","neve_post_elements_order":"","neve_meta_disable_header":"","neve_meta_disable_footer":"","neve_meta_disable_title":"","footnotes":""},"class_list":["post-1330","page","type-page","status-publish","hentry"],"_links":{"self":[{"href":"https:\/\/realschule-gruenstrasse.de\/index.php?rest_route=\/wp\/v2\/pages\/1330","targetHints":{"allow":["GET"]}}],"collection":[{"href":"https:\/\/realschule-gruenstrasse.de\/index.php?rest_route=\/wp\/v2\/pages"}],"about":[{"href":"https:\/\/realschule-gruenstrasse.de\/index.php?rest_route=\/wp\/v2\/types\/page"}],"author":[{"embeddable":true,"href":"https:\/\/realschule-gruenstrasse.de\/index.php?rest_route=\/wp\/v2\/users\/1"}],"replies":[{"embeddable":true,"href":"https:\/\/realschule-gruenstrasse.de\/index.php?rest_route=%2Fwp%2Fv2%2Fcomments&post=1330"}],"version-history":[{"count":24,"href":"https:\/\/realschule-gruenstrasse.de\/index.php?rest_route=\/wp\/v2\/pages\/1330\/revisions"}],"predecessor-version":[{"id":1436,"href":"https:\/\/realschule-gruenstrasse.de\/index.php?rest_route=\/wp\/v2\/pages\/1330\/revisions\/1436"}],"wp:attachment":[{"href":"https:\/\/realschule-gruenstrasse.de\/index.php?rest_route=%2Fwp%2Fv2%2Fmedia&parent=1330"}],"curies":[{"name":"wp","href":"https:\/\/api.w.org\/{rel}","templated":true}]}}