{"id":1319,"date":"2026-01-10T15:13:04","date_gmt":"2026-01-10T14:13:04","guid":{"rendered":"https:\/\/realschule-gruenstrasse.de\/?page_id=1319"},"modified":"2026-02-23T08:11:26","modified_gmt":"2026-02-23T07:11:26","slug":"anmeldung","status":"publish","type":"page","link":"https:\/\/realschule-gruenstrasse.de\/?page_id=1319","title":{"rendered":"Anmeldungen f\u00fcr die 5. Klasse"},"content":{"rendered":"\n<h2 class=\"wp-block-heading has-neve-link-color-color has-text-color has-link-color wp-elements-ea78094b8fd387039425ee8f718da614\"><strong>Die Anmeldungen f\u00fcr unsere Schule <strong>f\u00fcr Sch\u00fclerinnen und Sch\u00fcler der 4. Klassen der Grundschulen<\/strong><\/strong> <strong>finden in diesem Jahr an folgenden Terminen statt:<\/strong><\/h2>\n\n\n\n<p class=\"has-text-align-left has-neve-link-hover-color-color has-text-color has-link-color has-medium-font-size wp-elements-a8962cc7ba092cf3f75f1ce8f482ccfd\"><strong>Montag,&nbsp;23.02.&nbsp;bis Donnerstag,&nbsp;26.02.2026,&nbsp;jeweils in der Zeit<\/strong>&nbsp;<strong>von 8.00 Uhr bis 12.00 Uhr.<\/strong><br><br><strong>Zus\u00e4tzliche Anmeldezeiten am Nachmittag von 15:00 bis 18:00 Uhr:<br>-Montag,&nbsp;23.02.2026&nbsp;<br>-Donnerstag,&nbsp;26.02.2026&nbsp;<\/strong><br><br>Telefonische Terminabsprachen sind nicht notwendig.<\/p>\n\n\n\n<p><strong>Bitte bringen Sie Ihr Kind und die folgenden Unterlagen mit:<\/strong><br><br>-das <strong>Halbjahreszeugnis <\/strong>der Grundschule,<br>-den <strong>Anmeldeschein <\/strong>der Grundschule,<br>-die <strong>Geburtsurkunde<\/strong> des Kindes<br>-und den <strong>Impfausweis<\/strong> des Kindes.<\/p>\n\n\n\n<p>Das Anmeldeformular wird vor Ort ausgef\u00fcllt. Alternativ k\u00f6nnen Sie das Formular bereits zu Hause ausf\u00fcllen und ausgef\u00fcllt zur Anmeldung mitbringen: <a href=\"https:\/\/realschule-gruenstrasse.de\/wp-content\/uploads\/2026\/02\/Anmeldeformular-neu.pdf\"><strong>Anmeldeformular (PDF) zum Download<\/strong><\/a><\/p>\n\n\n\n<p><\/p>\n","protected":false},"excerpt":{"rendered":"<p>Die Anmeldungen f\u00fcr unsere Schule f\u00fcr Sch\u00fclerinnen und Sch\u00fcler der 4. Klassen der Grundschulen finden in diesem Jahr an folgenden Terminen statt: Montag,&nbsp;23.02.&nbsp;bis Donnerstag,&nbsp;26.02.2026,&nbsp;jeweils in der Zeit&nbsp;von 8.00 Uhr bis 12.00 Uhr. Zus\u00e4tzliche Anmeldezeiten am Nachmittag von 15:00 bis 18:00 Uhr:-Montag,&nbsp;23.02.2026&nbsp;-Donnerstag,&nbsp;26.02.2026&nbsp; Telefonische Terminabsprachen sind nicht notwendig. Bitte bringen Sie Ihr Kind und die folgenden Unterlagen&hellip;&nbsp;<a href=\"https:\/\/realschule-gruenstrasse.de\/?page_id=1319\" rel=\"bookmark\">Weiterlesen &raquo;<span class=\"screen-reader-text\">Anmeldungen f\u00fcr die 5. Klasse<\/span><\/a><\/p>\n","protected":false},"author":1,"featured_media":0,"parent":0,"menu_order":0,"comment_status":"closed","ping_status":"closed","template":"","meta":{"neve_meta_sidebar":"","neve_meta_container":"","neve_meta_enable_content_width":"","neve_meta_content_width":0,"neve_meta_title_alignment":"","neve_meta_author_avatar":"","neve_post_elements_order":"","neve_meta_disable_header":"","neve_meta_disable_footer":"","neve_meta_disable_title":"","footnotes":""},"class_list":["post-1319","page","type-page","status-publish","hentry"],"_links":{"self":[{"href":"https:\/\/realschule-gruenstrasse.de\/index.php?rest_route=\/wp\/v2\/pages\/1319","targetHints":{"allow":["GET"]}}],"collection":[{"href":"https:\/\/realschule-gruenstrasse.de\/index.php?rest_route=\/wp\/v2\/pages"}],"about":[{"href":"https:\/\/realschule-gruenstrasse.de\/index.php?rest_route=\/wp\/v2\/types\/page"}],"author":[{"embeddable":true,"href":"https:\/\/realschule-gruenstrasse.de\/index.php?rest_route=\/wp\/v2\/users\/1"}],"replies":[{"embeddable":true,"href":"https:\/\/realschule-gruenstrasse.de\/index.php?rest_route=%2Fwp%2Fv2%2Fcomments&post=1319"}],"version-history":[{"count":10,"href":"https:\/\/realschule-gruenstrasse.de\/index.php?rest_route=\/wp\/v2\/pages\/1319\/revisions"}],"predecessor-version":[{"id":1470,"href":"https:\/\/realschule-gruenstrasse.de\/index.php?rest_route=\/wp\/v2\/pages\/1319\/revisions\/1470"}],"wp:attachment":[{"href":"https:\/\/realschule-gruenstrasse.de\/index.php?rest_route=%2Fwp%2Fv2%2Fmedia&parent=1319"}],"curies":[{"name":"wp","href":"https:\/\/api.w.org\/{rel}","templated":true}]}}